{"id":34034,"date":"2023-04-27T23:21:54","date_gmt":"2023-04-27T16:21:54","guid":{"rendered":"https:\/\/qhduhoc.com\/scholarship\/"},"modified":"2023-06-20T16:38:29","modified_gmt":"2023-06-20T09:38:29","slug":"scholarship","status":"publish","type":"page","link":"https:\/\/qhduhoc.com\/en\/scholarship\/","title":{"rendered":"Scholarship"},"content":{"rendered":"<h2>\n\t\t\t\tTIN N\u1ed4I B\u1eacT<br \/>\n\t<\/h2>\n<p>\t\t<!-- Isotope Gallery Grid --><br \/>\n\t\t\t<!-- the loop --><\/p>\n<article>\n<article>\n\t\t\t<img decoding=\"async\" src=\"https:\/\/qhduhoc.com\/wp-content\/uploads\/2023\/05\/du-hoc-uc-1024x640-1-672x448.jpg\" alt=\"T\u00ecm vi\u1ec7c l\u00e0m th\u00eam t\u1ea1i \u00dac kh\u00f4ng c\u00f2n kh\u00f3 v\u1edbi h\u1ecdc vi\u00ean HRL &#8211; QH Du h\u1ecdc\"\/><br \/>\n              \t\t\t<a href=\"https:\/\/qhduhoc.com\/en\/english-tim-viec-lam-them-tai-uc-khong-con-kho-voi-hoc-vien-hrl-qh-du-hoc\/\" rel=\"bookmark\"><time datetime=\"2023-06-05T18:42:24+07:00\">05 Jun, 2023<\/time><\/a>\t            <\/p>\n<ul>\n\t\t<\/ul>\n<h4><a href=\"https:\/\/qhduhoc.com\/en\/english-tim-viec-lam-them-tai-uc-khong-con-kho-voi-hoc-vien-hrl-qh-du-hoc\/\" rel=\"bookmark\">T\u00ecm vi\u1ec7c l\u00e0m th\u00eam t\u1ea1i \u00dac kh\u00f4ng c\u00f2n kh\u00f3 v\u1edbi h\u1ecdc vi\u00ean HRL &#8211; QH Du h\u1ecdc<\/a><\/h4>\n<\/article>\n<\/article>\n<article>\n<article>\n\t\t\t<img decoding=\"async\" src=\"https:\/\/qhduhoc.com\/wp-content\/uploads\/2023\/06\/hanh-trang-du-hoc-uc-672x448.jpg\" alt=\"Kinh nghi\u1ec7m chu\u1ea9n b\u1ecb h\u00e0nh trang du h\u1ecdc\"\/><br \/>\n              \t\t\t<a href=\"https:\/\/qhduhoc.com\/kinh-nghiem-chuan-bi-hanh-trang-du-hoc\/\" rel=\"bookmark\"><time datetime=\"2023-06-05T18:34:28+07:00\">05 Jun, 2023<\/time><\/a>\t            <\/p>\n<ul>\n\t\t<\/ul>\n<h4><a href=\"https:\/\/qhduhoc.com\/kinh-nghiem-chuan-bi-hanh-trang-du-hoc\/\" rel=\"bookmark\">Kinh nghi\u1ec7m chu\u1ea9n b\u1ecb h\u00e0nh trang du h\u1ecdc<\/a><\/h4>\n<\/article>\n<\/article>\n<article>\n<article>\n\t\t\t<img decoding=\"async\" src=\"https:\/\/qhduhoc.com\/wp-content\/uploads\/2023\/06\/perth-elizabeth-quay-credit-tourism-western-australia-rf-noexp__ScaleMaxWidthWzczOF0-672x448.jpg\" alt=\"5 L\u00fd do \u0111\u1ec3 ch\u1ecdn du h\u1ecdc Perth &#8211; Th\u1ee7 ph\u1ee7 y\u00ean b\u00ecnh c\u1ee7a bang T\u00e2y \u00dac\"\/><br \/>\n              \t\t\t<a href=\"https:\/\/qhduhoc.com\/5-ly-do-de-chon-du-hoc-perth-thu-phu-yen-binh-cua-bang-tay-uc\/\" rel=\"bookmark\"><time datetime=\"2023-06-05T18:12:15+07:00\">05 Jun, 2023<\/time><\/a>\t            <\/p>\n<ul>\n\t\t<\/ul>\n<h4><a href=\"https:\/\/qhduhoc.com\/5-ly-do-de-chon-du-hoc-perth-thu-phu-yen-binh-cua-bang-tay-uc\/\" rel=\"bookmark\">5 L\u00fd do \u0111\u1ec3 ch\u1ecdn du h\u1ecdc Perth &#8211; Th\u1ee7 ph\u1ee7 y\u00ean b\u00ecnh c\u1ee7a bang T\u00e2y \u00dac<\/a><\/h4>\n<\/article>\n<\/article>\n<p>\t\t\t\t\t\t<!-- end of the loop --><\/p>\n<h2>\n\t\t\t\tH\u1eccC B\u1ed4NG<br \/>\n\t<\/h2>\n","protected":false},"excerpt":{"rendered":"<p>TIN N\u1ed4I B\u1eacT 05 Jun, 2023 T\u00ecm vi\u1ec7c l\u00e0m th\u00eam t\u1ea1i \u00dac kh\u00f4ng c\u00f2n kh\u00f3 v\u1edbi h\u1ecdc vi\u00ean HRL &#8211;&#8230;<\/p>\n","protected":false},"author":1,"featured_media":0,"parent":0,"menu_order":0,"comment_status":"closed","ping_status":"closed","template":"","meta":{"footnotes":""},"class_list":["post-34034","page","type-page","status-publish","hentry"],"yoast_head":"<!-- This site is optimized with the Yoast SEO plugin v24.8.1 - https:\/\/yoast.com\/wordpress\/plugins\/seo\/ -->\n<title>Scholarship - Q&amp;H Coaching Vi\u1ec7t Nam<\/title>\n<meta name=\"robots\" content=\"index, follow, max-snippet:-1, max-image-preview:large, max-video-preview:-1\" \/>\n<link rel=\"canonical\" href=\"https:\/\/qhduhoc.com\/en\/scholarship\/\" \/>\n<meta property=\"og:locale\" content=\"en_US\" \/>\n<meta property=\"og:type\" content=\"article\" \/>\n<meta property=\"og:title\" content=\"Scholarship - Q&amp;H Coaching Vi\u1ec7t Nam\" \/>\n<meta property=\"og:description\" content=\"TIN N\u1ed4I B\u1eacT 05 Jun, 2023 T\u00ecm vi\u1ec7c l\u00e0m th\u00eam t\u1ea1i \u00dac kh\u00f4ng c\u00f2n kh\u00f3 v\u1edbi h\u1ecdc vi\u00ean HRL &#8211;...\" \/>\n<meta property=\"og:url\" content=\"https:\/\/qhduhoc.com\/en\/scholarship\/\" \/>\n<meta property=\"og:site_name\" content=\"Q&amp;H Coaching Vi\u1ec7t Nam\" \/>\n<meta property=\"article:publisher\" content=\"https:\/\/www.facebook.com\/profile.php?id=100090658280492\" \/>\n<meta property=\"article:modified_time\" content=\"2023-06-20T09:38:29+00:00\" \/>\n<meta property=\"og:image\" content=\"https:\/\/qhduhoc.com\/wp-content\/uploads\/2023\/05\/du-hoc-uc-1024x640-1-672x448.jpg\" \/>\n<meta name=\"twitter:card\" content=\"summary_large_image\" \/>\n<script type=\"application\/ld+json\" class=\"yoast-schema-graph\">{\"@context\":\"https:\/\/schema.org\",\"@graph\":[{\"@type\":\"WebPage\",\"@id\":\"https:\/\/qhduhoc.com\/en\/scholarship\/\",\"url\":\"https:\/\/qhduhoc.com\/en\/scholarship\/\",\"name\":\"Scholarship - Q&amp;H Coaching Vi\u1ec7t Nam\",\"isPartOf\":{\"@id\":\"http:\/\/qhduhoc.com\/#website\"},\"primaryImageOfPage\":{\"@id\":\"https:\/\/qhduhoc.com\/en\/scholarship\/#primaryimage\"},\"image\":{\"@id\":\"https:\/\/qhduhoc.com\/en\/scholarship\/#primaryimage\"},\"thumbnailUrl\":\"https:\/\/qhduhoc.com\/wp-content\/uploads\/2023\/05\/du-hoc-uc-1024x640-1-672x448.jpg\",\"datePublished\":\"2023-04-27T16:21:54+00:00\",\"dateModified\":\"2023-06-20T09:38:29+00:00\",\"breadcrumb\":{\"@id\":\"https:\/\/qhduhoc.com\/en\/scholarship\/#breadcrumb\"},\"inLanguage\":\"en-US\",\"potentialAction\":[{\"@type\":\"ReadAction\",\"target\":[\"https:\/\/qhduhoc.com\/en\/scholarship\/\"]}]},{\"@type\":\"ImageObject\",\"inLanguage\":\"en-US\",\"@id\":\"https:\/\/qhduhoc.com\/en\/scholarship\/#primaryimage\",\"url\":\"https:\/\/qhduhoc.com\/wp-content\/uploads\/2023\/05\/du-hoc-uc-1024x640-1-672x448.jpg\",\"contentUrl\":\"https:\/\/qhduhoc.com\/wp-content\/uploads\/2023\/05\/du-hoc-uc-1024x640-1-672x448.jpg\"},{\"@type\":\"BreadcrumbList\",\"@id\":\"https:\/\/qhduhoc.com\/en\/scholarship\/#breadcrumb\",\"itemListElement\":[{\"@type\":\"ListItem\",\"position\":1,\"name\":\"Trang ch\u1ee7\",\"item\":\"http:\/\/qhduhoc.com\/en\/\"},{\"@type\":\"ListItem\",\"position\":2,\"name\":\"Scholarship\"}]},{\"@type\":\"WebSite\",\"@id\":\"http:\/\/qhduhoc.com\/#website\",\"url\":\"http:\/\/qhduhoc.com\/\",\"name\":\"Q&amp;H Coaching Vi\u1ec7t Nam\",\"description\":\"Du h\u1ecdc Trung Qu\u1ed1c\",\"publisher\":{\"@id\":\"http:\/\/qhduhoc.com\/#organization\"},\"potentialAction\":[{\"@type\":\"SearchAction\",\"target\":{\"@type\":\"EntryPoint\",\"urlTemplate\":\"http:\/\/qhduhoc.com\/?s={search_term_string}\"},\"query-input\":{\"@type\":\"PropertyValueSpecification\",\"valueRequired\":true,\"valueName\":\"search_term_string\"}}],\"inLanguage\":\"en-US\"},{\"@type\":\"Organization\",\"@id\":\"http:\/\/qhduhoc.com\/#organization\",\"name\":\"Q&amp;H Coaching Vi\u1ec7t Nam\",\"url\":\"http:\/\/qhduhoc.com\/\",\"logo\":{\"@type\":\"ImageObject\",\"inLanguage\":\"en-US\",\"@id\":\"http:\/\/qhduhoc.com\/#\/schema\/logo\/image\/\",\"url\":\"https:\/\/qhduhoc.com\/wp-content\/uploads\/2023\/05\/Logo-QH-v.png\",\"contentUrl\":\"https:\/\/qhduhoc.com\/wp-content\/uploads\/2023\/05\/Logo-QH-v.png\",\"width\":2637,\"height\":1546,\"caption\":\"Q&amp;H Coaching Vi\u1ec7t Nam\"},\"image\":{\"@id\":\"http:\/\/qhduhoc.com\/#\/schema\/logo\/image\/\"},\"sameAs\":[\"https:\/\/www.facebook.com\/profile.php?id=100090658280492\"]}]}<\/script>\n<!-- \/ Yoast SEO plugin. -->","yoast_head_json":{"title":"Scholarship - Q&amp;H Coaching Vi\u1ec7t Nam","robots":{"index":"index","follow":"follow","max-snippet":"max-snippet:-1","max-image-preview":"max-image-preview:large","max-video-preview":"max-video-preview:-1"},"canonical":"https:\/\/qhduhoc.com\/en\/scholarship\/","og_locale":"en_US","og_type":"article","og_title":"Scholarship - Q&amp;H Coaching Vi\u1ec7t Nam","og_description":"TIN N\u1ed4I B\u1eacT 05 Jun, 2023 T\u00ecm vi\u1ec7c l\u00e0m th\u00eam t\u1ea1i \u00dac kh\u00f4ng c\u00f2n kh\u00f3 v\u1edbi h\u1ecdc vi\u00ean HRL &#8211;...","og_url":"https:\/\/qhduhoc.com\/en\/scholarship\/","og_site_name":"Q&amp;H Coaching Vi\u1ec7t Nam","article_publisher":"https:\/\/www.facebook.com\/profile.php?id=100090658280492","article_modified_time":"2023-06-20T09:38:29+00:00","og_image":[{"url":"https:\/\/qhduhoc.com\/wp-content\/uploads\/2023\/05\/du-hoc-uc-1024x640-1-672x448.jpg","type":"","width":"","height":""}],"twitter_card":"summary_large_image","schema":{"@context":"https:\/\/schema.org","@graph":[{"@type":"WebPage","@id":"https:\/\/qhduhoc.com\/en\/scholarship\/","url":"https:\/\/qhduhoc.com\/en\/scholarship\/","name":"Scholarship - Q&amp;H Coaching Vi\u1ec7t Nam","isPartOf":{"@id":"http:\/\/qhduhoc.com\/#website"},"primaryImageOfPage":{"@id":"https:\/\/qhduhoc.com\/en\/scholarship\/#primaryimage"},"image":{"@id":"https:\/\/qhduhoc.com\/en\/scholarship\/#primaryimage"},"thumbnailUrl":"https:\/\/qhduhoc.com\/wp-content\/uploads\/2023\/05\/du-hoc-uc-1024x640-1-672x448.jpg","datePublished":"2023-04-27T16:21:54+00:00","dateModified":"2023-06-20T09:38:29+00:00","breadcrumb":{"@id":"https:\/\/qhduhoc.com\/en\/scholarship\/#breadcrumb"},"inLanguage":"en-US","potentialAction":[{"@type":"ReadAction","target":["https:\/\/qhduhoc.com\/en\/scholarship\/"]}]},{"@type":"ImageObject","inLanguage":"en-US","@id":"https:\/\/qhduhoc.com\/en\/scholarship\/#primaryimage","url":"https:\/\/qhduhoc.com\/wp-content\/uploads\/2023\/05\/du-hoc-uc-1024x640-1-672x448.jpg","contentUrl":"https:\/\/qhduhoc.com\/wp-content\/uploads\/2023\/05\/du-hoc-uc-1024x640-1-672x448.jpg"},{"@type":"BreadcrumbList","@id":"https:\/\/qhduhoc.com\/en\/scholarship\/#breadcrumb","itemListElement":[{"@type":"ListItem","position":1,"name":"Trang ch\u1ee7","item":"http:\/\/qhduhoc.com\/en\/"},{"@type":"ListItem","position":2,"name":"Scholarship"}]},{"@type":"WebSite","@id":"http:\/\/qhduhoc.com\/#website","url":"http:\/\/qhduhoc.com\/","name":"Q&amp;H Coaching Vi\u1ec7t Nam","description":"Du h\u1ecdc Trung Qu\u1ed1c","publisher":{"@id":"http:\/\/qhduhoc.com\/#organization"},"potentialAction":[{"@type":"SearchAction","target":{"@type":"EntryPoint","urlTemplate":"http:\/\/qhduhoc.com\/?s={search_term_string}"},"query-input":{"@type":"PropertyValueSpecification","valueRequired":true,"valueName":"search_term_string"}}],"inLanguage":"en-US"},{"@type":"Organization","@id":"http:\/\/qhduhoc.com\/#organization","name":"Q&amp;H Coaching Vi\u1ec7t Nam","url":"http:\/\/qhduhoc.com\/","logo":{"@type":"ImageObject","inLanguage":"en-US","@id":"http:\/\/qhduhoc.com\/#\/schema\/logo\/image\/","url":"https:\/\/qhduhoc.com\/wp-content\/uploads\/2023\/05\/Logo-QH-v.png","contentUrl":"https:\/\/qhduhoc.com\/wp-content\/uploads\/2023\/05\/Logo-QH-v.png","width":2637,"height":1546,"caption":"Q&amp;H Coaching Vi\u1ec7t Nam"},"image":{"@id":"http:\/\/qhduhoc.com\/#\/schema\/logo\/image\/"},"sameAs":["https:\/\/www.facebook.com\/profile.php?id=100090658280492"]}]}},"_links":{"self":[{"href":"https:\/\/qhduhoc.com\/en\/wp-json\/wp\/v2\/pages\/34034","targetHints":{"allow":["GET"]}}],"collection":[{"href":"https:\/\/qhduhoc.com\/en\/wp-json\/wp\/v2\/pages"}],"about":[{"href":"https:\/\/qhduhoc.com\/en\/wp-json\/wp\/v2\/types\/page"}],"author":[{"embeddable":true,"href":"https:\/\/qhduhoc.com\/en\/wp-json\/wp\/v2\/users\/1"}],"replies":[{"embeddable":true,"href":"https:\/\/qhduhoc.com\/en\/wp-json\/wp\/v2\/comments?post=34034"}],"version-history":[{"count":1,"href":"https:\/\/qhduhoc.com\/en\/wp-json\/wp\/v2\/pages\/34034\/revisions"}],"predecessor-version":[{"id":34035,"href":"https:\/\/qhduhoc.com\/en\/wp-json\/wp\/v2\/pages\/34034\/revisions\/34035"}],"wp:attachment":[{"href":"https:\/\/qhduhoc.com\/en\/wp-json\/wp\/v2\/media?parent=34034"}],"curies":[{"name":"wp","href":"https:\/\/api.w.org\/{rel}","templated":true}]}}