{"id":34038,"date":"2023-04-27T23:38:06","date_gmt":"2023-04-27T16:38:06","guid":{"rendered":"https:\/\/qhduhoc.com\/experience\/"},"modified":"2023-06-20T16:42:59","modified_gmt":"2023-06-20T09:42:59","slug":"experience","status":"publish","type":"page","link":"https:\/\/qhduhoc.com\/en\/experience\/","title":{"rendered":"Experience"},"content":{"rendered":"\t\t<div data-elementor-type=\"wp-page\" data-elementor-id=\"34038\" class=\"elementor elementor-34038 elementor-33344\">\n\t\t\t\t\t\t<section class=\"elementor-section elementor-top-section elementor-element elementor-element-00da0ae elementor-section-stretched elementor-section-boxed elementor-section-height-default elementor-section-height-default tm-col-stretched-none tm-bg-color-over-image\" data-id=\"00da0ae\" data-element_type=\"section\" data-e-type=\"section\" data-settings=\"{&quot;stretch_section&quot;:&quot;section-stretched&quot;}\">\n\t\t\t\t\t\t<div class=\"elementor-container elementor-column-gap-default\">\n\t\t\t\t\t<div class=\"elementor-column elementor-col-100 elementor-top-column elementor-element elementor-element-26f3fb9 tm-bg-color-over-image\" data-id=\"26f3fb9\" data-element_type=\"column\" data-e-type=\"column\">\n\t\t\t<div class=\"elementor-widget-wrap elementor-element-populated\">\n\t\t\t\t\t\t<div class=\"elementor-element elementor-element-0b65a6e horizontal-line-align-left vertical-line-align-bottom elementor-widget elementor-widget-tm-ele-section-title\" data-id=\"0b65a6e\" data-element_type=\"widget\" data-e-type=\"widget\" data-widget_type=\"tm-ele-section-title.default\">\n\t\t\t\t<div class=\"elementor-widget-container\">\n\t\t\t\t\t<div class=\"tm-sc-section-title section-title \">\r\n\t<div class=\"title-wrapper\">\r\n\t\t\t\t\t\t\t<h2 class=\"title \">\r\n\r\n\t\t\r\n\t\t\t\t<span class=\"title-part1 \">TIN N\u1ed4I B\u1eacT<\/span>\r\n\t\t\t\t\r\n\t\t\r\n\t<\/h2>\r\n\t<div class=\"title-seperator-line\"><\/div>\t\t\t\t\t\t<\/div>\r\n<\/div>\t\t\t\t<\/div>\n\t\t\t\t<\/div>\n\t\t\t\t<div class=\"elementor-element elementor-element-24cfa97 elementor-widget elementor-widget-tm-ele-blog\" data-id=\"24cfa97\" data-element_type=\"widget\" data-e-type=\"widget\" data-widget_type=\"tm-ele-blog.default\">\n\t\t\t\t<div class=\"elementor-widget-container\">\n\t\t\t\t\t\t<div class=\"tm-sc-blog tm-sc-blog-carousel \">\r\n\t\t\r\n\t\r\n\t\t<!-- Isotope Gallery Grid -->\r\n\t\t<div id=\"blog-holder-211753\" class=\"owl-carousel owl-theme tm-owl-carousel-3col \" data-nav=\"true\" data-autoplay=\"true\" data-loop=\"true\" data-duration=\"6000\" data-smartspeed=\"300\" data-margin=\"30\">\r\n\r\n\t\t\t<!-- the loop -->\r\n\t\t\t\t\t\t\t\t\t<div class=\"tm-carousel-item hot-news\">\r\n\t\t\t\t<article class=\"post-34108 post type-post status-publish format-standard has-post-thumbnail hentry category-hot-news\">\r\n\t<div class=\"blog-skin-style1\">\r\n  <article class=\"post type-post\">\r\n          <div class=\"entry-header\">\r\n        <div class=\"post-thumb lightgallery-lightbox\">\n\t\n\t<div class=\"post-thumb-inner\">\n\t\t<div class=\"thumb\">\n\t\t\t<img decoding=\"async\" src=\"https:\/\/qhduhoc.com\/wp-content\/uploads\/2023\/05\/du-hoc-uc-1024x640-1-672x448.jpg\" alt=\"(English) T\u00ecm vi\u1ec7c l\u00e0m th\u00eam t\u1ea1i \u00dac kh\u00f4ng c\u00f2n kh\u00f3 v\u1edbi h\u1ecdc vi\u00ean HRL &#8211; QH Du h\u1ecdc\"\/>\n\t\t<\/div>\n\t<\/div>\n\t<\/div>                              <div class=\"post-single-meta\">\r\n              \t\t\t<a href=\"https:\/\/qhduhoc.com\/en\/english-tim-viec-lam-them-tai-uc-khong-con-kho-voi-hoc-vien-hrl-qh-du-hoc\/\" rel=\"bookmark\"><time class=\"entry-date\" datetime=\"2023-06-05T18:42:24+07:00\"><span class=\"day\">05<\/span> <span class=\"month\">Jun<\/span><span class=\"year\">, 2023<\/span><\/time><\/a>\t            <\/div>\r\n                          <\/div>\r\n        <div class=\"entry-content\">\r\n\r\n              \t<ul class=\"entry-meta list-inline\">\n\t\t<\/ul>\n\t      \r\n              <div class=\"title-holder\">\r\n          <p class=\"entry-title\"><a href=\"https:\/\/qhduhoc.com\/en\/english-tim-viec-lam-them-tai-uc-khong-con-kho-voi-hoc-vien-hrl-qh-du-hoc\/\" rel=\"bookmark\">(English) T\u00ecm vi\u1ec7c l\u00e0m th\u00eam t\u1ea1i \u00dac kh\u00f4ng c\u00f2n kh\u00f3 v\u1edbi h\u1ecdc vi\u00ean HRL &#8211; QH Du h\u1ecdc<\/a><\/p>        <\/div>\r\n      \r\n      \r\n            <div class=\"clearfix\"><\/div>\r\n    <\/div>\r\n  <\/article>\r\n<\/div><\/article>\t\t\t<\/div>\r\n\t\t\t\t\t\t\t\t\t<div class=\"tm-carousel-item experience hot-news\">\r\n\t\t\t\t<article class=\"post-34123 post type-post status-publish format-standard has-post-thumbnail hentry category-experience category-hot-news tag-du-hoc-uc-en tag-hanh-trang-du-hoc-uc-en\">\r\n\t<div class=\"blog-skin-style1\">\r\n  <article class=\"post type-post\">\r\n          <div class=\"entry-header\">\r\n        <div class=\"post-thumb lightgallery-lightbox\">\n\t\n\t<div class=\"post-thumb-inner\">\n\t\t<div class=\"thumb\">\n\t\t\t<img decoding=\"async\" src=\"https:\/\/qhduhoc.com\/wp-content\/uploads\/2023\/06\/hanh-trang-du-hoc-uc-672x448.jpg\" alt=\"[English] Kinh nghi\u1ec7m chu\u1ea9n b\u1ecb h\u00e0nh trang du h\u1ecdc\"\/>\n\t\t<\/div>\n\t<\/div>\n\t<\/div>                              <div class=\"post-single-meta\">\r\n              \t\t\t<a href=\"https:\/\/qhduhoc.com\/en\/english-kinh-nghiem-chuan-bi-hanh-trang-du-hoc\/\" rel=\"bookmark\"><time class=\"entry-date\" datetime=\"2023-06-05T18:34:28+07:00\"><span class=\"day\">05<\/span> <span class=\"month\">Jun<\/span><span class=\"year\">, 2023<\/span><\/time><\/a>\t            <\/div>\r\n                          <\/div>\r\n        <div class=\"entry-content\">\r\n\r\n              \t<ul class=\"entry-meta list-inline\">\n\t\t<\/ul>\n\t      \r\n              <div class=\"title-holder\">\r\n          <p class=\"entry-title\"><a href=\"https:\/\/qhduhoc.com\/en\/english-kinh-nghiem-chuan-bi-hanh-trang-du-hoc\/\" rel=\"bookmark\">[English] Kinh nghi\u1ec7m chu\u1ea9n b\u1ecb h\u00e0nh trang du h\u1ecdc<\/a><\/p>        <\/div>\r\n      \r\n      \r\n            <div class=\"clearfix\"><\/div>\r\n    <\/div>\r\n  <\/article>\r\n<\/div><\/article>\t\t\t<\/div>\r\n\t\t\t\t\t\t\t\t\t<div class=\"tm-carousel-item hot-news study-program\">\r\n\t\t\t\t<article class=\"post-34132 post type-post status-publish format-standard has-post-thumbnail hentry category-hot-news category-study-program\">\r\n\t<div class=\"blog-skin-style1\">\r\n  <article class=\"post type-post\">\r\n          <div class=\"entry-header\">\r\n        <div class=\"post-thumb lightgallery-lightbox\">\n\t\n\t<div class=\"post-thumb-inner\">\n\t\t<div class=\"thumb\">\n\t\t\t<img decoding=\"async\" src=\"https:\/\/qhduhoc.com\/wp-content\/uploads\/2023\/05\/giao-duc-mam-non-chua-tiem-can-quoc-te-672x448.jpg\" alt=\"[English] Ch\u01b0\u01a1ng tr\u00ecnh du h\u1ecdc ngh\u1ec1 \u00dac ng\u00e0nh Gi\u00e1o d\u1ee5c m\u1ea7m non\"\/>\n\t\t<\/div>\n\t<\/div>\n\t<\/div>                              <div class=\"post-single-meta\">\r\n              \t\t\t<a href=\"https:\/\/qhduhoc.com\/en\/english-chuong-trinh-du-hoc-nghe-uc-nganh-giao-duc-mam-non\/\" rel=\"bookmark\"><time class=\"entry-date\" datetime=\"2023-05-06T22:18:30+07:00\"><span class=\"day\">06<\/span> <span class=\"month\">May<\/span><span class=\"year\">, 2023<\/span><\/time><\/a>\t            <\/div>\r\n                          <\/div>\r\n        <div class=\"entry-content\">\r\n\r\n              \t<ul class=\"entry-meta list-inline\">\n\t\t<\/ul>\n\t      \r\n              <div class=\"title-holder\">\r\n          <p class=\"entry-title\"><a href=\"https:\/\/qhduhoc.com\/en\/english-chuong-trinh-du-hoc-nghe-uc-nganh-giao-duc-mam-non\/\" rel=\"bookmark\">[English] Ch\u01b0\u01a1ng tr\u00ecnh du h\u1ecdc ngh\u1ec1 \u00dac ng\u00e0nh Gi\u00e1o d\u1ee5c m\u1ea7m non<\/a><\/p>        <\/div>\r\n      \r\n      \r\n            <div class=\"clearfix\"><\/div>\r\n    <\/div>\r\n  <\/article>\r\n<\/div><\/article>\t\t\t<\/div>\r\n\t\t\t\t\t\t<!-- end of the loop -->\r\n\t\t<\/div>\r\n\t\t\t<\/div>\r\n\r\n\t\t\t\t<\/div>\n\t\t\t\t<\/div>\n\t\t\t\t<div class=\"elementor-element elementor-element-b74ccea horizontal-line-align-left vertical-line-align-bottom elementor-widget elementor-widget-tm-ele-section-title\" data-id=\"b74ccea\" data-element_type=\"widget\" data-e-type=\"widget\" data-widget_type=\"tm-ele-section-title.default\">\n\t\t\t\t<div class=\"elementor-widget-container\">\n\t\t\t\t\t<div class=\"tm-sc-section-title section-title \">\r\n\t<div class=\"title-wrapper\">\r\n\t\t\t\t\t\t\t<h2 class=\"title \">\r\n\r\n\t\t\r\n\t\t\t\t<span class=\"title-part1 \">C\u1ea8M NANG<\/span>\r\n\t\t\t\t\r\n\t\t\r\n\t<\/h2>\r\n\t<div class=\"title-seperator-line\"><\/div>\t\t\t\t\t\t<\/div>\r\n<\/div>\t\t\t\t<\/div>\n\t\t\t\t<\/div>\n\t\t\t\t\t<\/div>\n\t\t<\/div>\n\t\t\t\t\t<\/div>\n\t\t<\/section>\n\t\t\t\t<\/div>\n\t\t","protected":false},"excerpt":{"rendered":"<p>TIN N\u1ed4I B\u1eacT 05 Jun, 2023 T\u00ecm vi\u1ec7c l\u00e0m th\u00eam t\u1ea1i \u00dac kh\u00f4ng c\u00f2n kh\u00f3 v\u1edbi h\u1ecdc vi\u00ean HRL &#8211;&#8230;<\/p>\n","protected":false},"author":1,"featured_media":0,"parent":0,"menu_order":0,"comment_status":"closed","ping_status":"closed","template":"","meta":{"footnotes":""},"class_list":["post-34038","page","type-page","status-publish","hentry"],"yoast_head":"<!-- This site is optimized with the Yoast SEO plugin v24.8.1 - https:\/\/yoast.com\/wordpress\/plugins\/seo\/ -->\n<title>Experience - Q&amp;H Coaching Vi\u1ec7t Nam<\/title>\n<meta name=\"robots\" content=\"index, follow, max-snippet:-1, max-image-preview:large, max-video-preview:-1\" \/>\n<link rel=\"canonical\" href=\"https:\/\/qhduhoc.com\/en\/experience\/\" \/>\n<meta property=\"og:locale\" content=\"en_US\" \/>\n<meta property=\"og:type\" content=\"article\" \/>\n<meta property=\"og:title\" content=\"Experience - Q&amp;H Coaching Vi\u1ec7t Nam\" \/>\n<meta property=\"og:description\" content=\"TIN N\u1ed4I B\u1eacT 05 Jun, 2023 T\u00ecm vi\u1ec7c l\u00e0m th\u00eam t\u1ea1i \u00dac kh\u00f4ng c\u00f2n kh\u00f3 v\u1edbi h\u1ecdc vi\u00ean HRL &#8211;...\" \/>\n<meta property=\"og:url\" content=\"https:\/\/qhduhoc.com\/en\/experience\/\" \/>\n<meta property=\"og:site_name\" content=\"Q&amp;H Coaching Vi\u1ec7t Nam\" \/>\n<meta property=\"article:publisher\" content=\"https:\/\/www.facebook.com\/profile.php?id=100090658280492\" \/>\n<meta property=\"article:modified_time\" content=\"2023-06-20T09:42:59+00:00\" \/>\n<meta property=\"og:image\" content=\"https:\/\/qhduhoc.com\/wp-content\/uploads\/2023\/05\/du-hoc-uc-1024x640-1-672x448.jpg\" \/>\n<meta name=\"twitter:card\" content=\"summary_large_image\" \/>\n<script type=\"application\/ld+json\" class=\"yoast-schema-graph\">{\"@context\":\"https:\/\/schema.org\",\"@graph\":[{\"@type\":\"WebPage\",\"@id\":\"https:\/\/qhduhoc.com\/en\/experience\/\",\"url\":\"https:\/\/qhduhoc.com\/en\/experience\/\",\"name\":\"Experience - Q&amp;H Coaching Vi\u1ec7t Nam\",\"isPartOf\":{\"@id\":\"https:\/\/qhduhoc.com\/#website\"},\"primaryImageOfPage\":{\"@id\":\"https:\/\/qhduhoc.com\/en\/experience\/#primaryimage\"},\"image\":{\"@id\":\"https:\/\/qhduhoc.com\/en\/experience\/#primaryimage\"},\"thumbnailUrl\":\"https:\/\/qhduhoc.com\/wp-content\/uploads\/2023\/05\/du-hoc-uc-1024x640-1-672x448.jpg\",\"datePublished\":\"2023-04-27T16:38:06+00:00\",\"dateModified\":\"2023-06-20T09:42:59+00:00\",\"breadcrumb\":{\"@id\":\"https:\/\/qhduhoc.com\/en\/experience\/#breadcrumb\"},\"inLanguage\":\"en-US\",\"potentialAction\":[{\"@type\":\"ReadAction\",\"target\":[\"https:\/\/qhduhoc.com\/en\/experience\/\"]}]},{\"@type\":\"ImageObject\",\"inLanguage\":\"en-US\",\"@id\":\"https:\/\/qhduhoc.com\/en\/experience\/#primaryimage\",\"url\":\"https:\/\/qhduhoc.com\/wp-content\/uploads\/2023\/05\/du-hoc-uc-1024x640-1-672x448.jpg\",\"contentUrl\":\"https:\/\/qhduhoc.com\/wp-content\/uploads\/2023\/05\/du-hoc-uc-1024x640-1-672x448.jpg\"},{\"@type\":\"BreadcrumbList\",\"@id\":\"https:\/\/qhduhoc.com\/en\/experience\/#breadcrumb\",\"itemListElement\":[{\"@type\":\"ListItem\",\"position\":1,\"name\":\"Trang ch\u1ee7\",\"item\":\"http:\/\/qhduhoc.com\/en\/\"},{\"@type\":\"ListItem\",\"position\":2,\"name\":\"Experience\"}]},{\"@type\":\"WebSite\",\"@id\":\"https:\/\/qhduhoc.com\/#website\",\"url\":\"https:\/\/qhduhoc.com\/\",\"name\":\"Q&amp;H Coaching Vi\u1ec7t Nam\",\"description\":\"Du h\u1ecdc Trung Qu\u1ed1c\",\"publisher\":{\"@id\":\"https:\/\/qhduhoc.com\/#organization\"},\"potentialAction\":[{\"@type\":\"SearchAction\",\"target\":{\"@type\":\"EntryPoint\",\"urlTemplate\":\"https:\/\/qhduhoc.com\/?s={search_term_string}\"},\"query-input\":{\"@type\":\"PropertyValueSpecification\",\"valueRequired\":true,\"valueName\":\"search_term_string\"}}],\"inLanguage\":\"en-US\"},{\"@type\":\"Organization\",\"@id\":\"https:\/\/qhduhoc.com\/#organization\",\"name\":\"Q&amp;H Coaching Vi\u1ec7t Nam\",\"url\":\"https:\/\/qhduhoc.com\/\",\"logo\":{\"@type\":\"ImageObject\",\"inLanguage\":\"en-US\",\"@id\":\"https:\/\/qhduhoc.com\/#\/schema\/logo\/image\/\",\"url\":\"https:\/\/qhduhoc.com\/wp-content\/uploads\/2023\/05\/Logo-QH-v.png\",\"contentUrl\":\"https:\/\/qhduhoc.com\/wp-content\/uploads\/2023\/05\/Logo-QH-v.png\",\"width\":2637,\"height\":1546,\"caption\":\"Q&amp;H Coaching Vi\u1ec7t Nam\"},\"image\":{\"@id\":\"https:\/\/qhduhoc.com\/#\/schema\/logo\/image\/\"},\"sameAs\":[\"https:\/\/www.facebook.com\/profile.php?id=100090658280492\"]}]}<\/script>\n<!-- \/ Yoast SEO plugin. -->","yoast_head_json":{"title":"Experience - Q&amp;H Coaching Vi\u1ec7t Nam","robots":{"index":"index","follow":"follow","max-snippet":"max-snippet:-1","max-image-preview":"max-image-preview:large","max-video-preview":"max-video-preview:-1"},"canonical":"https:\/\/qhduhoc.com\/en\/experience\/","og_locale":"en_US","og_type":"article","og_title":"Experience - Q&amp;H Coaching Vi\u1ec7t Nam","og_description":"TIN N\u1ed4I B\u1eacT 05 Jun, 2023 T\u00ecm vi\u1ec7c l\u00e0m th\u00eam t\u1ea1i \u00dac kh\u00f4ng c\u00f2n kh\u00f3 v\u1edbi h\u1ecdc vi\u00ean HRL &#8211;...","og_url":"https:\/\/qhduhoc.com\/en\/experience\/","og_site_name":"Q&amp;H Coaching Vi\u1ec7t Nam","article_publisher":"https:\/\/www.facebook.com\/profile.php?id=100090658280492","article_modified_time":"2023-06-20T09:42:59+00:00","og_image":[{"url":"https:\/\/qhduhoc.com\/wp-content\/uploads\/2023\/05\/du-hoc-uc-1024x640-1-672x448.jpg","type":"","width":"","height":""}],"twitter_card":"summary_large_image","schema":{"@context":"https:\/\/schema.org","@graph":[{"@type":"WebPage","@id":"https:\/\/qhduhoc.com\/en\/experience\/","url":"https:\/\/qhduhoc.com\/en\/experience\/","name":"Experience - Q&amp;H Coaching Vi\u1ec7t Nam","isPartOf":{"@id":"https:\/\/qhduhoc.com\/#website"},"primaryImageOfPage":{"@id":"https:\/\/qhduhoc.com\/en\/experience\/#primaryimage"},"image":{"@id":"https:\/\/qhduhoc.com\/en\/experience\/#primaryimage"},"thumbnailUrl":"https:\/\/qhduhoc.com\/wp-content\/uploads\/2023\/05\/du-hoc-uc-1024x640-1-672x448.jpg","datePublished":"2023-04-27T16:38:06+00:00","dateModified":"2023-06-20T09:42:59+00:00","breadcrumb":{"@id":"https:\/\/qhduhoc.com\/en\/experience\/#breadcrumb"},"inLanguage":"en-US","potentialAction":[{"@type":"ReadAction","target":["https:\/\/qhduhoc.com\/en\/experience\/"]}]},{"@type":"ImageObject","inLanguage":"en-US","@id":"https:\/\/qhduhoc.com\/en\/experience\/#primaryimage","url":"https:\/\/qhduhoc.com\/wp-content\/uploads\/2023\/05\/du-hoc-uc-1024x640-1-672x448.jpg","contentUrl":"https:\/\/qhduhoc.com\/wp-content\/uploads\/2023\/05\/du-hoc-uc-1024x640-1-672x448.jpg"},{"@type":"BreadcrumbList","@id":"https:\/\/qhduhoc.com\/en\/experience\/#breadcrumb","itemListElement":[{"@type":"ListItem","position":1,"name":"Trang ch\u1ee7","item":"http:\/\/qhduhoc.com\/en\/"},{"@type":"ListItem","position":2,"name":"Experience"}]},{"@type":"WebSite","@id":"https:\/\/qhduhoc.com\/#website","url":"https:\/\/qhduhoc.com\/","name":"Q&amp;H Coaching Vi\u1ec7t Nam","description":"Du h\u1ecdc Trung Qu\u1ed1c","publisher":{"@id":"https:\/\/qhduhoc.com\/#organization"},"potentialAction":[{"@type":"SearchAction","target":{"@type":"EntryPoint","urlTemplate":"https:\/\/qhduhoc.com\/?s={search_term_string}"},"query-input":{"@type":"PropertyValueSpecification","valueRequired":true,"valueName":"search_term_string"}}],"inLanguage":"en-US"},{"@type":"Organization","@id":"https:\/\/qhduhoc.com\/#organization","name":"Q&amp;H Coaching Vi\u1ec7t Nam","url":"https:\/\/qhduhoc.com\/","logo":{"@type":"ImageObject","inLanguage":"en-US","@id":"https:\/\/qhduhoc.com\/#\/schema\/logo\/image\/","url":"https:\/\/qhduhoc.com\/wp-content\/uploads\/2023\/05\/Logo-QH-v.png","contentUrl":"https:\/\/qhduhoc.com\/wp-content\/uploads\/2023\/05\/Logo-QH-v.png","width":2637,"height":1546,"caption":"Q&amp;H Coaching Vi\u1ec7t Nam"},"image":{"@id":"https:\/\/qhduhoc.com\/#\/schema\/logo\/image\/"},"sameAs":["https:\/\/www.facebook.com\/profile.php?id=100090658280492"]}]}},"_links":{"self":[{"href":"https:\/\/qhduhoc.com\/en\/wp-json\/wp\/v2\/pages\/34038","targetHints":{"allow":["GET"]}}],"collection":[{"href":"https:\/\/qhduhoc.com\/en\/wp-json\/wp\/v2\/pages"}],"about":[{"href":"https:\/\/qhduhoc.com\/en\/wp-json\/wp\/v2\/types\/page"}],"author":[{"embeddable":true,"href":"https:\/\/qhduhoc.com\/en\/wp-json\/wp\/v2\/users\/1"}],"replies":[{"embeddable":true,"href":"https:\/\/qhduhoc.com\/en\/wp-json\/wp\/v2\/comments?post=34038"}],"version-history":[{"count":1,"href":"https:\/\/qhduhoc.com\/en\/wp-json\/wp\/v2\/pages\/34038\/revisions"}],"predecessor-version":[{"id":34039,"href":"https:\/\/qhduhoc.com\/en\/wp-json\/wp\/v2\/pages\/34038\/revisions\/34039"}],"wp:attachment":[{"href":"https:\/\/qhduhoc.com\/en\/wp-json\/wp\/v2\/media?parent=34038"}],"curies":[{"name":"wp","href":"https:\/\/api.w.org\/{rel}","templated":true}]}}