{"id":34048,"date":"2022-12-07T05:56:35","date_gmt":"2022-12-06T22:56:35","guid":{"rendered":"https:\/\/qhduhoc.com\/study-abroad\/"},"modified":"2023-06-20T16:45:17","modified_gmt":"2023-06-20T09:45:17","slug":"study-abroad","status":"publish","type":"page","link":"https:\/\/qhduhoc.com\/en\/study-abroad\/","title":{"rendered":"Study abroad"},"content":{"rendered":"\t\t<div data-elementor-type=\"wp-page\" data-elementor-id=\"34048\" class=\"elementor elementor-34048 elementor-28426\">\n\t\t\t\t\t\t<section class=\"elementor-section elementor-top-section elementor-element elementor-element-ba6d180 elementor-section-boxed elementor-section-height-default elementor-section-height-default tm-col-stretched-none tm-bg-color-over-image\" data-id=\"ba6d180\" data-element_type=\"section\" data-e-type=\"section\">\n\t\t\t\t\t\t<div class=\"elementor-container elementor-column-gap-default\">\n\t\t\t\t\t<div class=\"elementor-column elementor-col-33 elementor-top-column elementor-element elementor-element-e35d8c5 tm-bg-color-over-image\" data-id=\"e35d8c5\" data-element_type=\"column\" data-e-type=\"column\">\n\t\t\t<div class=\"elementor-widget-wrap elementor-element-populated\">\n\t\t\t\t\t\t<div class=\"elementor-element elementor-element-45fb2f4 elementor-widget elementor-widget-tm-ele-country-block\" data-id=\"45fb2f4\" data-element_type=\"widget\" data-e-type=\"widget\" data-widget_type=\"tm-ele-country-block.skin-style1\">\n\t\t\t\t<div class=\"elementor-widget-container\">\n\t\t\t\t\t<!-- Country Block -->\r\n<div class=\"country-block-current-item-style1 \">\r\n  <div class=\"inner-box\">\r\n    <div class=\"image-box\">\r\n      <figure class=\"image\">\r\n                  <img decoding=\"async\" src=\"https:\/\/qhduhoc.com\/wp-content\/uploads\/2022\/11\/bg5-672x448.jpg\" alt=\"Image\">\r\n              <\/figure>\r\n    <\/div>\r\n    <div class=\"content-box\">\r\n      <div class=\"flag\">\r\n                <img decoding=\"async\" src=\"https:\/\/qhduhoc.com\/wp-content\/uploads\/2022\/12\/flag-1.jpg\" alt=\"Image\">\r\n              <\/div>\r\n      \r\n\t\t\t\t<h4 class=\"feature-title \">\r\n\t\t\t\t\t\t<a\r\n\t\t\t\t\t\t\t\thref=\"https:\/\/qhduhoc.com\/du-hoc-uc\/\">\r\n\t\t\t\t\u00dac\t\t\t<\/a>\r\n\t\t\t\t\t<\/h4>\r\n\t\t      \r\n\t\t\t<div class=\"feature-details\"><\/div>    <\/div>\r\n  <\/div>\r\n<\/div>\t\t\t\t<\/div>\n\t\t\t\t<\/div>\n\t\t\t\t<div class=\"elementor-element elementor-element-501f67c elementor-widget elementor-widget-tm-ele-country-block\" data-id=\"501f67c\" data-element_type=\"widget\" data-e-type=\"widget\" data-widget_type=\"tm-ele-country-block.skin-style1\">\n\t\t\t\t<div class=\"elementor-widget-container\">\n\t\t\t\t\t<!-- Country Block -->\r\n<div class=\"country-block-current-item-style1 \">\r\n  <div class=\"inner-box\">\r\n    <div class=\"image-box\">\r\n      <figure class=\"image\">\r\n                  <img decoding=\"async\" src=\"https:\/\/qhduhoc.com\/wp-content\/uploads\/2022\/11\/bg16-672x448.jpg\" alt=\"Image\">\r\n              <\/figure>\r\n    <\/div>\r\n    <div class=\"content-box\">\r\n      <div class=\"flag\">\r\n                <img decoding=\"async\" src=\"https:\/\/qhduhoc.com\/wp-content\/uploads\/2022\/12\/usa-150x150.png\" alt=\"Image\">\r\n              <\/div>\r\n      \r\n\t\t\t\t<h4 class=\"feature-title \">\r\n\t\t\t\t\t\t<a\r\n\t\t\t\t\t\t\t\thref=\"https:\/\/qhduhoc.com\/du-hoc-my-va-chau-au\/\">\r\n\t\t\t\tM\u1ef9\t\t\t<\/a>\r\n\t\t\t\t\t<\/h4>\r\n\t\t      \r\n\t\t\t<div class=\"feature-details\"><\/div>    <\/div>\r\n  <\/div>\r\n<\/div>\t\t\t\t<\/div>\n\t\t\t\t<\/div>\n\t\t\t\t\t<\/div>\n\t\t<\/div>\n\t\t\t\t<div class=\"elementor-column elementor-col-33 elementor-top-column elementor-element elementor-element-e175bd9 tm-bg-color-over-image\" data-id=\"e175bd9\" data-element_type=\"column\" data-e-type=\"column\">\n\t\t\t<div class=\"elementor-widget-wrap elementor-element-populated\">\n\t\t\t\t\t\t<div class=\"elementor-element elementor-element-ea27397 elementor-widget elementor-widget-tm-ele-country-block\" data-id=\"ea27397\" data-element_type=\"widget\" data-e-type=\"widget\" data-widget_type=\"tm-ele-country-block.skin-style1\">\n\t\t\t\t<div class=\"elementor-widget-container\">\n\t\t\t\t\t<!-- Country Block -->\r\n<div class=\"country-block-current-item-style1 \">\r\n  <div class=\"inner-box\">\r\n    <div class=\"image-box\">\r\n      <figure class=\"image\">\r\n                  <img decoding=\"async\" src=\"https:\/\/qhduhoc.com\/wp-content\/uploads\/2023\/04\/singapore-672x448.jpg\" alt=\"Image\">\r\n              <\/figure>\r\n    <\/div>\r\n    <div class=\"content-box\">\r\n      <div class=\"flag\">\r\n                <img decoding=\"async\" src=\"https:\/\/qhduhoc.com\/wp-content\/uploads\/2023\/04\/singapore-flag-150x150.png\" alt=\"Image\">\r\n              <\/div>\r\n      \r\n\t\t\t\t<h4 class=\"feature-title \">\r\n\t\t\t\t\t\t<a\r\n\t\t\t\t\t\t\t\thref=\"https:\/\/qhduhoc.com\/du-hoc-singapore\/\">\r\n\t\t\t\tSingapore\t\t\t<\/a>\r\n\t\t\t\t\t<\/h4>\r\n\t\t      \r\n\t\t\t<div class=\"feature-details\"><\/div>    <\/div>\r\n  <\/div>\r\n<\/div>\t\t\t\t<\/div>\n\t\t\t\t<\/div>\n\t\t\t\t<div class=\"elementor-element elementor-element-2f3e34c elementor-widget elementor-widget-tm-ele-country-block\" data-id=\"2f3e34c\" data-element_type=\"widget\" data-e-type=\"widget\" data-widget_type=\"tm-ele-country-block.skin-style1\">\n\t\t\t\t<div class=\"elementor-widget-container\">\n\t\t\t\t\t<!-- Country Block -->\r\n<div class=\"country-block-current-item-style1 \">\r\n  <div class=\"inner-box\">\r\n    <div class=\"image-box\">\r\n      <figure class=\"image\">\r\n                  <img decoding=\"async\" src=\"https:\/\/qhduhoc.com\/wp-content\/uploads\/2023\/04\/canada-672x448.jpeg\" alt=\"Image\">\r\n              <\/figure>\r\n    <\/div>\r\n    <div class=\"content-box\">\r\n      <div class=\"flag\">\r\n                <img decoding=\"async\" src=\"https:\/\/qhduhoc.com\/wp-content\/uploads\/2023\/04\/canada_318-203351-150x150.png\" alt=\"Image\">\r\n              <\/div>\r\n      \r\n\t\t\t\t<h4 class=\"feature-title \">\r\n\t\t\t\t\t\t<a\r\n\t\t\t\t\t\t\t\thref=\"https:\/\/qhduhoc.com\/du-hoc-canada\">\r\n\t\t\t\tCanada\t\t\t<\/a>\r\n\t\t\t\t\t<\/h4>\r\n\t\t      \r\n\t\t\t<div class=\"feature-details\"><\/div>    <\/div>\r\n  <\/div>\r\n<\/div>\t\t\t\t<\/div>\n\t\t\t\t<\/div>\n\t\t\t\t\t<\/div>\n\t\t<\/div>\n\t\t\t\t<div class=\"elementor-column elementor-col-33 elementor-top-column elementor-element elementor-element-a402c8d tm-bg-color-over-image\" data-id=\"a402c8d\" data-element_type=\"column\" data-e-type=\"column\">\n\t\t\t<div class=\"elementor-widget-wrap elementor-element-populated\">\n\t\t\t\t\t\t<div class=\"elementor-element elementor-element-ac768c5 elementor-widget elementor-widget-tm-ele-country-block\" data-id=\"ac768c5\" data-element_type=\"widget\" data-e-type=\"widget\" data-widget_type=\"tm-ele-country-block.skin-style1\">\n\t\t\t\t<div class=\"elementor-widget-container\">\n\t\t\t\t\t<!-- Country Block -->\r\n<div class=\"country-block-current-item-style1 \">\r\n  <div class=\"inner-box\">\r\n    <div class=\"image-box\">\r\n      <figure class=\"image\">\r\n                  <img decoding=\"async\" src=\"https:\/\/qhduhoc.com\/wp-content\/uploads\/2022\/12\/bg32-672x448.jpg\" alt=\"Image\">\r\n              <\/figure>\r\n    <\/div>\r\n    <div class=\"content-box\">\r\n      <div class=\"flag\">\r\n                <img decoding=\"async\" src=\"https:\/\/qhduhoc.com\/wp-content\/uploads\/2023\/04\/891526-150x150.png\" alt=\"Image\">\r\n              <\/div>\r\n      \r\n\t\t\t\t<h4 class=\"feature-title \">\r\n\t\t\t\t\t\t<a\r\n\t\t\t\t\t\t\t\thref=\"https:\/\/qhduhoc.com\/du-hoc-my-va-chau-au\/\">\r\n\t\t\t\tCh\u00e2u \u00c2u\t\t\t<\/a>\r\n\t\t\t\t\t<\/h4>\r\n\t\t      \r\n\t\t\t<div class=\"feature-details\"><\/div>    <\/div>\r\n  <\/div>\r\n<\/div>\t\t\t\t<\/div>\n\t\t\t\t<\/div>\n\t\t\t\t<div class=\"elementor-element elementor-element-41e75a6 elementor-widget elementor-widget-tm-ele-country-block\" data-id=\"41e75a6\" data-element_type=\"widget\" data-e-type=\"widget\" data-widget_type=\"tm-ele-country-block.skin-style1\">\n\t\t\t\t<div class=\"elementor-widget-container\">\n\t\t\t\t\t<!-- Country Block -->\r\n<div class=\"country-block-current-item-style1 \">\r\n  <div class=\"inner-box\">\r\n    <div class=\"image-box\">\r\n      <figure class=\"image\">\r\n                  <img decoding=\"async\" src=\"https:\/\/qhduhoc.com\/wp-content\/uploads\/2022\/12\/bg31-672x448.jpg\" alt=\"Image\">\r\n              <\/figure>\r\n    <\/div>\r\n    <div class=\"content-box\">\r\n      <div class=\"flag\">\r\n                <img decoding=\"async\" src=\"https:\/\/qhduhoc.com\/wp-content\/uploads\/2022\/12\/dubai-150x150.png\" alt=\"Image\">\r\n              <\/div>\r\n      \r\n\t\t\t\t<h4 class=\"feature-title \">\r\n\t\t\t\t\t\t<a\r\n\t\t\t\t\t\t\t\thref=\"https:\/\/qhduhoc.com\/du-hoc-cac-nuoc-khac\/\">\r\n\t\t\t\tC\u00e1c n\u01b0\u1edbc ph\u00e1t tri\u1ec3n kh\u00e1c\t\t\t<\/a>\r\n\t\t\t\t\t<\/h4>\r\n\t\t      \r\n\t\t\t<div class=\"feature-details\"><\/div>    <\/div>\r\n  <\/div>\r\n<\/div>\t\t\t\t<\/div>\n\t\t\t\t<\/div>\n\t\t\t\t\t<\/div>\n\t\t<\/div>\n\t\t\t\t\t<\/div>\n\t\t<\/section>\n\t\t\t\t<\/div>\n\t\t","protected":false},"excerpt":{"rendered":"<p>\u00dac M\u1ef9 Singapore Canada Ch\u00e2u \u00c2u C\u00e1c n\u01b0\u1edbc ph\u00e1t tri\u1ec3n kh\u00e1c<\/p>\n","protected":false},"author":1,"featured_media":0,"parent":0,"menu_order":0,"comment_status":"closed","ping_status":"closed","template":"","meta":{"footnotes":""},"class_list":["post-34048","page","type-page","status-publish","hentry"],"yoast_head":"<!-- This site is optimized with the Yoast SEO plugin v24.8.1 - https:\/\/yoast.com\/wordpress\/plugins\/seo\/ -->\n<title>Study abroad - Q&amp;H Coaching Vi\u1ec7t Nam<\/title>\n<meta name=\"robots\" content=\"index, follow, max-snippet:-1, max-image-preview:large, max-video-preview:-1\" \/>\n<link rel=\"canonical\" href=\"https:\/\/qhduhoc.com\/en\/study-abroad\/\" \/>\n<meta property=\"og:locale\" content=\"en_US\" \/>\n<meta property=\"og:type\" content=\"article\" \/>\n<meta property=\"og:title\" content=\"Study abroad - Q&amp;H Coaching Vi\u1ec7t Nam\" \/>\n<meta property=\"og:description\" content=\"\u00dac M\u1ef9 Singapore Canada Ch\u00e2u \u00c2u C\u00e1c n\u01b0\u1edbc ph\u00e1t tri\u1ec3n kh\u00e1c\" \/>\n<meta property=\"og:url\" content=\"https:\/\/qhduhoc.com\/en\/study-abroad\/\" \/>\n<meta property=\"og:site_name\" content=\"Q&amp;H Coaching Vi\u1ec7t Nam\" \/>\n<meta property=\"article:publisher\" content=\"https:\/\/www.facebook.com\/profile.php?id=100090658280492\" \/>\n<meta property=\"article:modified_time\" content=\"2023-06-20T09:45:17+00:00\" \/>\n<meta property=\"og:image\" content=\"https:\/\/qhduhoc.com\/wp-content\/uploads\/2022\/11\/bg5-672x448.jpg\" \/>\n<meta name=\"twitter:card\" content=\"summary_large_image\" \/>\n<script type=\"application\/ld+json\" class=\"yoast-schema-graph\">{\"@context\":\"https:\/\/schema.org\",\"@graph\":[{\"@type\":\"WebPage\",\"@id\":\"https:\/\/qhduhoc.com\/en\/study-abroad\/\",\"url\":\"https:\/\/qhduhoc.com\/en\/study-abroad\/\",\"name\":\"Study abroad - Q&amp;H Coaching Vi\u1ec7t Nam\",\"isPartOf\":{\"@id\":\"http:\/\/qhduhoc.com\/#website\"},\"primaryImageOfPage\":{\"@id\":\"https:\/\/qhduhoc.com\/en\/study-abroad\/#primaryimage\"},\"image\":{\"@id\":\"https:\/\/qhduhoc.com\/en\/study-abroad\/#primaryimage\"},\"thumbnailUrl\":\"https:\/\/qhduhoc.com\/wp-content\/uploads\/2022\/11\/bg5-672x448.jpg\",\"datePublished\":\"2022-12-06T22:56:35+00:00\",\"dateModified\":\"2023-06-20T09:45:17+00:00\",\"breadcrumb\":{\"@id\":\"https:\/\/qhduhoc.com\/en\/study-abroad\/#breadcrumb\"},\"inLanguage\":\"en-US\",\"potentialAction\":[{\"@type\":\"ReadAction\",\"target\":[\"https:\/\/qhduhoc.com\/en\/study-abroad\/\"]}]},{\"@type\":\"ImageObject\",\"inLanguage\":\"en-US\",\"@id\":\"https:\/\/qhduhoc.com\/en\/study-abroad\/#primaryimage\",\"url\":\"https:\/\/qhduhoc.com\/wp-content\/uploads\/2022\/11\/bg5-672x448.jpg\",\"contentUrl\":\"https:\/\/qhduhoc.com\/wp-content\/uploads\/2022\/11\/bg5-672x448.jpg\"},{\"@type\":\"BreadcrumbList\",\"@id\":\"https:\/\/qhduhoc.com\/en\/study-abroad\/#breadcrumb\",\"itemListElement\":[{\"@type\":\"ListItem\",\"position\":1,\"name\":\"Trang ch\u1ee7\",\"item\":\"https:\/\/qhduhoc.com\/en\/\"},{\"@type\":\"ListItem\",\"position\":2,\"name\":\"Study abroad\"}]},{\"@type\":\"WebSite\",\"@id\":\"http:\/\/qhduhoc.com\/#website\",\"url\":\"http:\/\/qhduhoc.com\/\",\"name\":\"Q&amp;H Coaching Vi\u1ec7t Nam\",\"description\":\"Du h\u1ecdc Trung Qu\u1ed1c\",\"publisher\":{\"@id\":\"http:\/\/qhduhoc.com\/#organization\"},\"potentialAction\":[{\"@type\":\"SearchAction\",\"target\":{\"@type\":\"EntryPoint\",\"urlTemplate\":\"http:\/\/qhduhoc.com\/?s={search_term_string}\"},\"query-input\":{\"@type\":\"PropertyValueSpecification\",\"valueRequired\":true,\"valueName\":\"search_term_string\"}}],\"inLanguage\":\"en-US\"},{\"@type\":\"Organization\",\"@id\":\"http:\/\/qhduhoc.com\/#organization\",\"name\":\"Q&amp;H Coaching Vi\u1ec7t Nam\",\"url\":\"http:\/\/qhduhoc.com\/\",\"logo\":{\"@type\":\"ImageObject\",\"inLanguage\":\"en-US\",\"@id\":\"http:\/\/qhduhoc.com\/#\/schema\/logo\/image\/\",\"url\":\"https:\/\/qhduhoc.com\/wp-content\/uploads\/2023\/05\/Logo-QH-v.png\",\"contentUrl\":\"https:\/\/qhduhoc.com\/wp-content\/uploads\/2023\/05\/Logo-QH-v.png\",\"width\":2637,\"height\":1546,\"caption\":\"Q&amp;H Coaching Vi\u1ec7t Nam\"},\"image\":{\"@id\":\"http:\/\/qhduhoc.com\/#\/schema\/logo\/image\/\"},\"sameAs\":[\"https:\/\/www.facebook.com\/profile.php?id=100090658280492\"]}]}<\/script>\n<!-- \/ Yoast SEO plugin. -->","yoast_head_json":{"title":"Study abroad - Q&amp;H Coaching Vi\u1ec7t Nam","robots":{"index":"index","follow":"follow","max-snippet":"max-snippet:-1","max-image-preview":"max-image-preview:large","max-video-preview":"max-video-preview:-1"},"canonical":"https:\/\/qhduhoc.com\/en\/study-abroad\/","og_locale":"en_US","og_type":"article","og_title":"Study abroad - Q&amp;H Coaching Vi\u1ec7t Nam","og_description":"\u00dac M\u1ef9 Singapore Canada Ch\u00e2u \u00c2u C\u00e1c n\u01b0\u1edbc ph\u00e1t tri\u1ec3n kh\u00e1c","og_url":"https:\/\/qhduhoc.com\/en\/study-abroad\/","og_site_name":"Q&amp;H Coaching Vi\u1ec7t Nam","article_publisher":"https:\/\/www.facebook.com\/profile.php?id=100090658280492","article_modified_time":"2023-06-20T09:45:17+00:00","og_image":[{"url":"https:\/\/qhduhoc.com\/wp-content\/uploads\/2022\/11\/bg5-672x448.jpg","type":"","width":"","height":""}],"twitter_card":"summary_large_image","schema":{"@context":"https:\/\/schema.org","@graph":[{"@type":"WebPage","@id":"https:\/\/qhduhoc.com\/en\/study-abroad\/","url":"https:\/\/qhduhoc.com\/en\/study-abroad\/","name":"Study abroad - Q&amp;H Coaching Vi\u1ec7t Nam","isPartOf":{"@id":"http:\/\/qhduhoc.com\/#website"},"primaryImageOfPage":{"@id":"https:\/\/qhduhoc.com\/en\/study-abroad\/#primaryimage"},"image":{"@id":"https:\/\/qhduhoc.com\/en\/study-abroad\/#primaryimage"},"thumbnailUrl":"https:\/\/qhduhoc.com\/wp-content\/uploads\/2022\/11\/bg5-672x448.jpg","datePublished":"2022-12-06T22:56:35+00:00","dateModified":"2023-06-20T09:45:17+00:00","breadcrumb":{"@id":"https:\/\/qhduhoc.com\/en\/study-abroad\/#breadcrumb"},"inLanguage":"en-US","potentialAction":[{"@type":"ReadAction","target":["https:\/\/qhduhoc.com\/en\/study-abroad\/"]}]},{"@type":"ImageObject","inLanguage":"en-US","@id":"https:\/\/qhduhoc.com\/en\/study-abroad\/#primaryimage","url":"https:\/\/qhduhoc.com\/wp-content\/uploads\/2022\/11\/bg5-672x448.jpg","contentUrl":"https:\/\/qhduhoc.com\/wp-content\/uploads\/2022\/11\/bg5-672x448.jpg"},{"@type":"BreadcrumbList","@id":"https:\/\/qhduhoc.com\/en\/study-abroad\/#breadcrumb","itemListElement":[{"@type":"ListItem","position":1,"name":"Trang ch\u1ee7","item":"https:\/\/qhduhoc.com\/en\/"},{"@type":"ListItem","position":2,"name":"Study abroad"}]},{"@type":"WebSite","@id":"http:\/\/qhduhoc.com\/#website","url":"http:\/\/qhduhoc.com\/","name":"Q&amp;H Coaching Vi\u1ec7t Nam","description":"Du h\u1ecdc Trung Qu\u1ed1c","publisher":{"@id":"http:\/\/qhduhoc.com\/#organization"},"potentialAction":[{"@type":"SearchAction","target":{"@type":"EntryPoint","urlTemplate":"http:\/\/qhduhoc.com\/?s={search_term_string}"},"query-input":{"@type":"PropertyValueSpecification","valueRequired":true,"valueName":"search_term_string"}}],"inLanguage":"en-US"},{"@type":"Organization","@id":"http:\/\/qhduhoc.com\/#organization","name":"Q&amp;H Coaching Vi\u1ec7t Nam","url":"http:\/\/qhduhoc.com\/","logo":{"@type":"ImageObject","inLanguage":"en-US","@id":"http:\/\/qhduhoc.com\/#\/schema\/logo\/image\/","url":"https:\/\/qhduhoc.com\/wp-content\/uploads\/2023\/05\/Logo-QH-v.png","contentUrl":"https:\/\/qhduhoc.com\/wp-content\/uploads\/2023\/05\/Logo-QH-v.png","width":2637,"height":1546,"caption":"Q&amp;H Coaching Vi\u1ec7t Nam"},"image":{"@id":"http:\/\/qhduhoc.com\/#\/schema\/logo\/image\/"},"sameAs":["https:\/\/www.facebook.com\/profile.php?id=100090658280492"]}]}},"_links":{"self":[{"href":"https:\/\/qhduhoc.com\/en\/wp-json\/wp\/v2\/pages\/34048","targetHints":{"allow":["GET"]}}],"collection":[{"href":"https:\/\/qhduhoc.com\/en\/wp-json\/wp\/v2\/pages"}],"about":[{"href":"https:\/\/qhduhoc.com\/en\/wp-json\/wp\/v2\/types\/page"}],"author":[{"embeddable":true,"href":"https:\/\/qhduhoc.com\/en\/wp-json\/wp\/v2\/users\/1"}],"replies":[{"embeddable":true,"href":"https:\/\/qhduhoc.com\/en\/wp-json\/wp\/v2\/comments?post=34048"}],"version-history":[{"count":1,"href":"https:\/\/qhduhoc.com\/en\/wp-json\/wp\/v2\/pages\/34048\/revisions"}],"predecessor-version":[{"id":34049,"href":"https:\/\/qhduhoc.com\/en\/wp-json\/wp\/v2\/pages\/34048\/revisions\/34049"}],"wp:attachment":[{"href":"https:\/\/qhduhoc.com\/en\/wp-json\/wp\/v2\/media?parent=34048"}],"curies":[{"name":"wp","href":"https:\/\/api.w.org\/{rel}","templated":true}]}}